
{"id":19244,"date":"2014-02-13T13:31:54","date_gmt":"2014-02-13T13:31:54","guid":{"rendered":"https:\/\/sebastienbessette.com\/sebastien-bessette\/"},"modified":"2025-10-31T07:24:54","modified_gmt":"2025-10-31T11:24:54","slug":"sebastien-bessette","status":"publish","type":"page","link":"https:\/\/sebastienbessette.com\/en\/","title":{"rendered":"Sebastien Bessette"},"content":{"rendered":"<div  class=\"one fullwidth \"><\/div>\n<div  class=\"one withsmallpadding ppb_text\" style=\"padding:40px 0 40px 0;\" >\n<div class=\"standard_wrapper\">\n<div class=\"page_content_wrapper\">\n<div class=\"inner\">\n<div style=\"margin:auto;width:100%\">\n<h1 style=\"text-align: center;\">Sebastien Bessette<\/h1>\n<h3 style=\"font-style: normal; text-align: center;\">Photographer<\/h3>\n<p style=\"text-align: center; margin: 25px 0 15px;\">Specialties :<br \/>\n<a href=\"https:\/\/sebastienbessette.com\/en\/photos\/\"><strong>Nature <\/strong>(landscapes &#038; wild animals)<\/a><br \/>\nand <a href=\"https:\/\/sebastienbessette.com\/en\/photos-studio\/\"><strong>Studio <\/strong>(products, food &#038; beverages)<\/a>.<\/p>\n<p><a class=\"btn\" href=\"https:\/\/sebastienbessette.com\/en\/photos\/\">View my photos ><\/a><\/p>\n<div class=\"limitwidth\">Passionate about <a href=\"https:\/\/sebastienbessette.com\/en\/photos\/\">photography<\/a> and <a href=\"https:\/\/sebastienbessette.com\/en\/videos\/\">video<\/a>, here I share my view of two worlds: the <a href=\"https:\/\/sebastienbessette.com\/en\/photos\/\">wilderness<\/a> with its grandiose landscapes and wildlife, and the contrasting world of the <a href=\"https:\/\/sebastienbessette.com\/en\/photos-studio\/\">studio<\/a> where I highlight products, food and beverages. <\/p>\n<p><strong>Through this <a href=\"https:\/\/sebastienbessette.com\/en\/photos\/\">portfolio<\/a>, discover some of my creations.<\/strong><\/a><\/p>\n<\/div>\n<\/div>\n<\/div>\n<\/div>\n<\/div>\n<\/div>\n","protected":false},"excerpt":{"rendered":"","protected":false},"author":1,"featured_media":0,"parent":0,"menu_order":0,"comment_status":"closed","ping_status":"closed","template":"","meta":{"itsec_x_frame_options":"","footnotes":""},"class_list":["post-19244","page","type-page","status-publish","hentry"],"yoast_head":"<!-- This site is optimized with the Yoast SEO plugin v27.1.1 - https:\/\/yoast.com\/product\/yoast-seo-wordpress\/ -->\n<title>Sebastien Bessette - Landscapes, wild animals and Studio Photographer<\/title>\n<meta name=\"description\" content=\"Specialties : Nature (landscapes &amp; wild animals) and Studio (products, food and beverages).\" \/>\n<meta name=\"robots\" content=\"index, follow, max-snippet:-1, max-image-preview:large, max-video-preview:-1\" \/>\n<link rel=\"canonical\" href=\"https:\/\/sebastienbessette.com\/en\/\" \/>\n<meta property=\"og:locale\" content=\"en_US\" \/>\n<meta property=\"og:type\" content=\"article\" \/>\n<meta property=\"og:title\" content=\"S\u00e9bastien Bessette\" \/>\n<meta property=\"og:description\" content=\"Site Web servant \u00e0 r\u00e9unir quelques-unes de mes photographies (sp\u00e9cialit\u00e9s : paysages et animaux en libert\u00e9), vid\u00e9os et infos pour me contacter.\" \/>\n<meta property=\"og:url\" content=\"https:\/\/sebastienbessette.com\/en\/\" \/>\n<meta property=\"og:site_name\" content=\"S\u00e9bastien Bessette\" \/>\n<meta property=\"article:modified_time\" content=\"2025-10-31T11:24:54+00:00\" \/>\n<meta name=\"twitter:card\" content=\"summary_large_image\" \/>\n<script type=\"application\/ld+json\" class=\"yoast-schema-graph\">{\"@context\":\"https:\/\/schema.org\",\"@graph\":[{\"@type\":\"WebPage\",\"@id\":\"https:\/\/sebastienbessette.com\/en\/\",\"url\":\"https:\/\/sebastienbessette.com\/en\/\",\"name\":\"Sebastien Bessette - Landscapes, wild animals and Studio Photographer\",\"isPartOf\":{\"@id\":\"https:\/\/sebastienbessette.com\/en\/#website\"},\"datePublished\":\"2014-02-13T13:31:54+00:00\",\"dateModified\":\"2025-10-31T11:24:54+00:00\",\"description\":\"Specialties : Nature (landscapes & wild animals) and Studio (products, food and beverages).\",\"breadcrumb\":{\"@id\":\"https:\/\/sebastienbessette.com\/en\/#breadcrumb\"},\"inLanguage\":\"en-US\",\"potentialAction\":[{\"@type\":\"ReadAction\",\"target\":[\"https:\/\/sebastienbessette.com\/en\/\"]}]},{\"@type\":\"BreadcrumbList\",\"@id\":\"https:\/\/sebastienbessette.com\/en\/#breadcrumb\",\"itemListElement\":[{\"@type\":\"ListItem\",\"position\":1,\"name\":\"Accueil\",\"item\":\"https:\/\/sebastienbessette.com\/en\/\"},{\"@type\":\"ListItem\",\"position\":2,\"name\":\"Sebastien Bessette\"}]},{\"@type\":\"WebSite\",\"@id\":\"https:\/\/sebastienbessette.com\/en\/#website\",\"url\":\"https:\/\/sebastienbessette.com\/en\/\",\"name\":\"S\u00e9bastien Bessette\",\"description\":\"Photographe - Vid\u00e9aste\",\"potentialAction\":[{\"@type\":\"SearchAction\",\"target\":{\"@type\":\"EntryPoint\",\"urlTemplate\":\"https:\/\/sebastienbessette.com\/en\/?s={search_term_string}\"},\"query-input\":{\"@type\":\"PropertyValueSpecification\",\"valueRequired\":true,\"valueName\":\"search_term_string\"}}],\"inLanguage\":\"en-US\"}]}<\/script>\n<!-- \/ Yoast SEO plugin. -->","yoast_head_json":{"title":"Sebastien Bessette - Landscapes, wild animals and Studio Photographer","description":"Specialties : Nature (landscapes & wild animals) and Studio (products, food and beverages).","robots":{"index":"index","follow":"follow","max-snippet":"max-snippet:-1","max-image-preview":"max-image-preview:large","max-video-preview":"max-video-preview:-1"},"canonical":"https:\/\/sebastienbessette.com\/en\/","og_locale":"en_US","og_type":"article","og_title":"S\u00e9bastien Bessette","og_description":"Site Web servant \u00e0 r\u00e9unir quelques-unes de mes photographies (sp\u00e9cialit\u00e9s : paysages et animaux en libert\u00e9), vid\u00e9os et infos pour me contacter.","og_url":"https:\/\/sebastienbessette.com\/en\/","og_site_name":"S\u00e9bastien Bessette","article_modified_time":"2025-10-31T11:24:54+00:00","twitter_card":"summary_large_image","schema":{"@context":"https:\/\/schema.org","@graph":[{"@type":"WebPage","@id":"https:\/\/sebastienbessette.com\/en\/","url":"https:\/\/sebastienbessette.com\/en\/","name":"Sebastien Bessette - Landscapes, wild animals and Studio Photographer","isPartOf":{"@id":"https:\/\/sebastienbessette.com\/en\/#website"},"datePublished":"2014-02-13T13:31:54+00:00","dateModified":"2025-10-31T11:24:54+00:00","description":"Specialties : Nature (landscapes & wild animals) and Studio (products, food and beverages).","breadcrumb":{"@id":"https:\/\/sebastienbessette.com\/en\/#breadcrumb"},"inLanguage":"en-US","potentialAction":[{"@type":"ReadAction","target":["https:\/\/sebastienbessette.com\/en\/"]}]},{"@type":"BreadcrumbList","@id":"https:\/\/sebastienbessette.com\/en\/#breadcrumb","itemListElement":[{"@type":"ListItem","position":1,"name":"Accueil","item":"https:\/\/sebastienbessette.com\/en\/"},{"@type":"ListItem","position":2,"name":"Sebastien Bessette"}]},{"@type":"WebSite","@id":"https:\/\/sebastienbessette.com\/en\/#website","url":"https:\/\/sebastienbessette.com\/en\/","name":"S\u00e9bastien Bessette","description":"Photographe - Vid\u00e9aste","potentialAction":[{"@type":"SearchAction","target":{"@type":"EntryPoint","urlTemplate":"https:\/\/sebastienbessette.com\/en\/?s={search_term_string}"},"query-input":{"@type":"PropertyValueSpecification","valueRequired":true,"valueName":"search_term_string"}}],"inLanguage":"en-US"}]}},"_links":{"self":[{"href":"https:\/\/sebastienbessette.com\/en\/wp-json\/wp\/v2\/pages\/19244","targetHints":{"allow":["GET"]}}],"collection":[{"href":"https:\/\/sebastienbessette.com\/en\/wp-json\/wp\/v2\/pages"}],"about":[{"href":"https:\/\/sebastienbessette.com\/en\/wp-json\/wp\/v2\/types\/page"}],"author":[{"embeddable":true,"href":"https:\/\/sebastienbessette.com\/en\/wp-json\/wp\/v2\/users\/1"}],"replies":[{"embeddable":true,"href":"https:\/\/sebastienbessette.com\/en\/wp-json\/wp\/v2\/comments?post=19244"}],"version-history":[{"count":0,"href":"https:\/\/sebastienbessette.com\/en\/wp-json\/wp\/v2\/pages\/19244\/revisions"}],"wp:attachment":[{"href":"https:\/\/sebastienbessette.com\/en\/wp-json\/wp\/v2\/media?parent=19244"}],"curies":[{"name":"wp","href":"https:\/\/api.w.org\/{rel}","templated":true}]}}