
{"id":19272,"date":"2013-04-10T03:18:34","date_gmt":"2013-04-10T07:18:34","guid":{"rendered":"https:\/\/sebastienbessette.com\/photos-varia\/"},"modified":"2025-09-14T14:41:17","modified_gmt":"2025-09-14T18:41:17","slug":"various-photos","status":"publish","type":"page","link":"https:\/\/sebastienbessette.com\/en\/various-photos\/","title":{"rendered":"Various photos"},"content":{"rendered":"<div  class=\"one withsmallpadding ppb_header \" style=\"text-align:center;padding:30px 0 30px 0;\" >\n<div class=\"standard_wrapper\">\n<div class=\"page_content_wrapper\">\n<div class=\"inner\">\n<div style=\"margin:auto;width:100%\">\n<h2 class=\"ppb_title\" style=\"\">&#8211; Various &#8211;<\/h2>\n<\/div>\n<\/div>\n<\/div>\n<\/div>\n<\/div>\n<div  class=\"ppb_portfolio one nopadding \" >\n<div class=\"page_content_wrapper \"><\/div>\n<\/div>\n<div  class=\"one withsmallpadding ppb_text\" style=\"padding:30px 0 30px 0;\" >\n<div class=\"standard_wrapper\">\n<div class=\"page_content_wrapper\">\n<div class=\"inner\">\n<div style=\"margin:auto;width:100%\">\n<p><a href=\"https:\/\/sebastienbessette.com\/en\/photos\/\" class=\"btn\">Nature Photos ><\/a><\/p>\n<\/div>\n<\/div>\n<\/div>\n<\/div>\n<\/div>\n","protected":false},"excerpt":{"rendered":"","protected":false},"author":1,"featured_media":0,"parent":0,"menu_order":4,"comment_status":"closed","ping_status":"closed","template":"","meta":{"itsec_x_frame_options":"","footnotes":""},"class_list":["post-19272","page","type-page","status-publish","hentry"],"yoast_head":"<!-- This site is optimized with the Yoast SEO plugin v27.1.1 - https:\/\/yoast.com\/product\/yoast-seo-wordpress\/ -->\n<title>Various photos - S\u00e9bastien Bessette<\/title>\n<meta name=\"description\" content=\"Photographie de diff\u00e9rents sujets vari\u00e9s.\" \/>\n<meta name=\"robots\" content=\"index, follow, max-snippet:-1, max-image-preview:large, max-video-preview:-1\" \/>\n<link rel=\"canonical\" href=\"https:\/\/sebastienbessette.com\/en\/various-photos\/\" \/>\n<meta property=\"og:locale\" content=\"en_US\" \/>\n<meta property=\"og:type\" content=\"article\" \/>\n<meta property=\"og:title\" content=\"S\u00e9bastien Bessette - Photos Varia\" \/>\n<meta property=\"og:description\" content=\"Photographie de diff\u00e9rents sujets vari\u00e9s.\" \/>\n<meta property=\"og:url\" content=\"https:\/\/sebastienbessette.com\/en\/various-photos\/\" \/>\n<meta property=\"og:site_name\" content=\"S\u00e9bastien Bessette\" \/>\n<meta property=\"article:modified_time\" content=\"2025-09-14T18:41:17+00:00\" \/>\n<meta name=\"twitter:card\" content=\"summary_large_image\" \/>\n<script type=\"application\/ld+json\" class=\"yoast-schema-graph\">{\"@context\":\"https:\/\/schema.org\",\"@graph\":[{\"@type\":\"WebPage\",\"@id\":\"https:\/\/sebastienbessette.com\/en\/various-photos\/\",\"url\":\"https:\/\/sebastienbessette.com\/en\/various-photos\/\",\"name\":\"Various photos - S\u00e9bastien Bessette\",\"isPartOf\":{\"@id\":\"https:\/\/sebastienbessette.com\/en\/#website\"},\"datePublished\":\"2013-04-10T07:18:34+00:00\",\"dateModified\":\"2025-09-14T18:41:17+00:00\",\"description\":\"Photographie de diff\u00e9rents sujets vari\u00e9s.\",\"breadcrumb\":{\"@id\":\"https:\/\/sebastienbessette.com\/en\/various-photos\/#breadcrumb\"},\"inLanguage\":\"en-US\",\"potentialAction\":[{\"@type\":\"ReadAction\",\"target\":[\"https:\/\/sebastienbessette.com\/en\/various-photos\/\"]}]},{\"@type\":\"BreadcrumbList\",\"@id\":\"https:\/\/sebastienbessette.com\/en\/various-photos\/#breadcrumb\",\"itemListElement\":[{\"@type\":\"ListItem\",\"position\":1,\"name\":\"Accueil\",\"item\":\"https:\/\/sebastienbessette.com\/en\/\"},{\"@type\":\"ListItem\",\"position\":2,\"name\":\"Various photos\"}]},{\"@type\":\"WebSite\",\"@id\":\"https:\/\/sebastienbessette.com\/en\/#website\",\"url\":\"https:\/\/sebastienbessette.com\/en\/\",\"name\":\"S\u00e9bastien Bessette\",\"description\":\"Photographe - Vid\u00e9aste\",\"potentialAction\":[{\"@type\":\"SearchAction\",\"target\":{\"@type\":\"EntryPoint\",\"urlTemplate\":\"https:\/\/sebastienbessette.com\/en\/?s={search_term_string}\"},\"query-input\":{\"@type\":\"PropertyValueSpecification\",\"valueRequired\":true,\"valueName\":\"search_term_string\"}}],\"inLanguage\":\"en-US\"}]}<\/script>\n<!-- \/ Yoast SEO plugin. -->","yoast_head_json":{"title":"Various photos - S\u00e9bastien Bessette","description":"Photographie de diff\u00e9rents sujets vari\u00e9s.","robots":{"index":"index","follow":"follow","max-snippet":"max-snippet:-1","max-image-preview":"max-image-preview:large","max-video-preview":"max-video-preview:-1"},"canonical":"https:\/\/sebastienbessette.com\/en\/various-photos\/","og_locale":"en_US","og_type":"article","og_title":"S\u00e9bastien Bessette - Photos Varia","og_description":"Photographie de diff\u00e9rents sujets vari\u00e9s.","og_url":"https:\/\/sebastienbessette.com\/en\/various-photos\/","og_site_name":"S\u00e9bastien Bessette","article_modified_time":"2025-09-14T18:41:17+00:00","twitter_card":"summary_large_image","schema":{"@context":"https:\/\/schema.org","@graph":[{"@type":"WebPage","@id":"https:\/\/sebastienbessette.com\/en\/various-photos\/","url":"https:\/\/sebastienbessette.com\/en\/various-photos\/","name":"Various photos - S\u00e9bastien Bessette","isPartOf":{"@id":"https:\/\/sebastienbessette.com\/en\/#website"},"datePublished":"2013-04-10T07:18:34+00:00","dateModified":"2025-09-14T18:41:17+00:00","description":"Photographie de diff\u00e9rents sujets vari\u00e9s.","breadcrumb":{"@id":"https:\/\/sebastienbessette.com\/en\/various-photos\/#breadcrumb"},"inLanguage":"en-US","potentialAction":[{"@type":"ReadAction","target":["https:\/\/sebastienbessette.com\/en\/various-photos\/"]}]},{"@type":"BreadcrumbList","@id":"https:\/\/sebastienbessette.com\/en\/various-photos\/#breadcrumb","itemListElement":[{"@type":"ListItem","position":1,"name":"Accueil","item":"https:\/\/sebastienbessette.com\/en\/"},{"@type":"ListItem","position":2,"name":"Various photos"}]},{"@type":"WebSite","@id":"https:\/\/sebastienbessette.com\/en\/#website","url":"https:\/\/sebastienbessette.com\/en\/","name":"S\u00e9bastien Bessette","description":"Photographe - Vid\u00e9aste","potentialAction":[{"@type":"SearchAction","target":{"@type":"EntryPoint","urlTemplate":"https:\/\/sebastienbessette.com\/en\/?s={search_term_string}"},"query-input":{"@type":"PropertyValueSpecification","valueRequired":true,"valueName":"search_term_string"}}],"inLanguage":"en-US"}]}},"_links":{"self":[{"href":"https:\/\/sebastienbessette.com\/en\/wp-json\/wp\/v2\/pages\/19272","targetHints":{"allow":["GET"]}}],"collection":[{"href":"https:\/\/sebastienbessette.com\/en\/wp-json\/wp\/v2\/pages"}],"about":[{"href":"https:\/\/sebastienbessette.com\/en\/wp-json\/wp\/v2\/types\/page"}],"author":[{"embeddable":true,"href":"https:\/\/sebastienbessette.com\/en\/wp-json\/wp\/v2\/users\/1"}],"replies":[{"embeddable":true,"href":"https:\/\/sebastienbessette.com\/en\/wp-json\/wp\/v2\/comments?post=19272"}],"version-history":[{"count":0,"href":"https:\/\/sebastienbessette.com\/en\/wp-json\/wp\/v2\/pages\/19272\/revisions"}],"wp:attachment":[{"href":"https:\/\/sebastienbessette.com\/en\/wp-json\/wp\/v2\/media?parent=19272"}],"curies":[{"name":"wp","href":"https:\/\/api.w.org\/{rel}","templated":true}]}}