
{"id":19280,"date":"2013-04-10T03:18:34","date_gmt":"2013-04-10T07:18:34","guid":{"rendered":"https:\/\/sebastienbessette.com\/videos\/"},"modified":"2025-08-24T15:03:02","modified_gmt":"2025-08-24T19:03:02","slug":"videos","status":"publish","type":"page","link":"https:\/\/sebastienbessette.com\/en\/videos\/","title":{"rendered":"Videos"},"content":{"rendered":"<div  class=\"one withsmallpadding ppb_header \" style=\"text-align:center;padding:30px 0 30px 0;\" >\n<div class=\"standard_wrapper\">\n<div class=\"page_content_wrapper\">\n<div class=\"inner\">\n<div style=\"margin:auto;width:100%\">\n<h2 class=\"ppb_title\" style=\"\">&#8211; Videos &#8211;<\/h2>\n<\/div>\n<\/div>\n<\/div>\n<\/div>\n<\/div>\n<div  class=\"one withsmallpadding ppb_text\" style=\"padding:0px 0 0px 0;\" >\n<div class=\"standard_wrapper\">\n<div class=\"page_content_wrapper\">\n<div class=\"inner\">\n<div style=\"margin:auto;width:100%\">\n<div \n\t\t\tclass=\"yotu-playlist yotuwp yotu-limit-min yotu-limit-max yotu-player-full  yotu-thumb-169  yotu-template-grid\" \n\t\t\tdata-page=\"1\"\n\t\t\tid=\"yotuwp-68ab61e5d36d2\"\n\t\t\tdata-yotu=\"68ab61e61630b\"\n\t\t\tdata-total=\"1\"\n\t\t\tdata-settings=\"eyJ0eXBlIjoicGxheWxpc3QiLCJpZCI6IlBMcVBjMERpWkdZSWRpdWhRYzVPeUdPckFLWG1uelZhRjEiLCJwYWdpbmF0aW9uIjoib2ZmIiwicGFnaXR5cGUiOiJwYWdlciIsImNvbHVtbiI6IjMiLCJwZXJfcGFnZSI6IjIwIiwidGVtcGxhdGUiOiJncmlkIiwidGl0bGUiOiJvZmYiLCJkZXNjcmlwdGlvbiI6Im9mZiIsInRodW1icmF0aW8iOiIxNjkiLCJtZXRhIjoib2ZmIiwibWV0YV9kYXRhIjoib2ZmIiwibWV0YV9wb3NpdGlvbiI6Im9mZiIsImRhdGVfZm9ybWF0Ijoib2ZmIiwibWV0YV9hbGlnbiI6Im9mZiIsInN1YnNjcmliZSI6Im9mZiIsImR1cmF0aW9uIjoib2ZmIiwibWV0YV9pY29uIjoib2ZmIiwibmV4dHRleHQiOiIiLCJwcmV2dGV4dCI6IiIsImxvYWRtb3JldGV4dCI6IiIsInBsYXllciI6eyJtb2RlIjoibGFyZ2UiLCJ3aWR0aCI6IjAiLCJzY3JvbGxpbmciOiIxMDAiLCJhdXRvcGxheSI6Im9mZiIsImNvbnRyb2xzIjoib24iLCJtb2Rlc3RicmFuZGluZyI6Im9mZiIsImxvb3AiOiJvZmYiLCJhdXRvbmV4dCI6Im9mZiIsInNob3dpbmZvIjoib2ZmIiwicmVsIjoib2ZmIiwicGxheWluZyI6Im9mZiIsInBsYXlpbmdfZGVzY3JpcHRpb24iOiJvZmYiLCJ0aHVtYm5haWxzIjoib2ZmIiwiY2NfbG9hZF9wb2xpY3kiOiIwIiwiY2NfbGFuZ19wcmVmIjoiMSIsImhsIjoiZnIiLCJpdl9sb2FkX3BvbGljeSI6IjMifSwibGFzdF90YWIiOiJwbGF5ZXIiLCJ1c2VfYXNfbW9kYWwiOiJvZmYiLCJtb2RhbF9pZCI6Im9mZiIsImxhc3RfdXBkYXRlIjoiMTcyNjk0NjQ2NSIsInN0eWxpbmciOnsicGFnZXJfbGF5b3V0IjoiZGVmYXVsdCIsImJ1dHRvbiI6IjEiLCJidXR0b25fY29sb3IiOiIiLCJidXR0b25fYmdfY29sb3IiOiIiLCJidXR0b25fY29sb3JfaG92ZXIiOiIiLCJidXR0b25fYmdfY29sb3JfaG92ZXIiOiIiLCJ2aWRlb19zdHlsZSI6IiIsInBsYXlpY29uX2NvbG9yIjoiIiwiaG92ZXJfaWNvbiI6IiIsImdhbGxlcnlfYmciOiIifSwiZWZmZWN0cyI6eyJ2aWRlb19ib3giOiIiLCJmbGlwX2VmZmVjdCI6IiJ9LCJnYWxsZXJ5X2lkIjoiNjhhYjYxZTVkMzZkMiIsIm5leHQiOiIiLCJwcmV2IjoiIn0=\"\n\t\t\tdata-player=\"large\"\n\t\t\tdata-showdesc=\"off\" ><\/p>\n<div>\n<div class=\"yotu-wrapper-player\" style=\"\">\n<div class=\"yotu-playing\">\n\t\t\t\t\t\t\t\tSors en nature\t\t\t\t\t\t\t<\/div>\n<div class=\"yotu-player\">\n<div class=\"yotu-video-placeholder\" id=\"yotu-player-68ab61e61630b\"><\/div>\n<\/p><\/div>\n<div class=\"yotu-playing-status\"><\/div>\n<div class=\"yotu-playing-description\">\n\t\t\t\t\t\t\tDes milliers de kilom\u00e8tres sur les routes, en for\u00eat et en randonn\u00e9e, \u00e0 admirer et filmer paysages et faune sauvage, m\u2019ont inspir\u00e9 cette vid\u00e9o. Incluant une touche encore plus personnelle!<\/p>\n<p>Les animaux pr\u00e9sents dans cette vid\u00e9o sont libres, sauvages et dans leur environnement naturel. Aucun app\u00e2t n&#8217;a \u00e9t\u00e9 utilis\u00e9. <\/p>\n<p>Vid\u00e9os, texte, narration, montage : S\u00e9bastien Bessette<br \/>\nhttps:\/\/sebastienbessette.com<\/p>\n<p>Toutes les sc\u00e8nes ont \u00e9t\u00e9 film\u00e9es entre 2020 et 2025, dans les endroits suivants au Qu\u00e9bec et en Ontario : <\/p>\n<p>Abitibi-T\u00e9miscamingue<br \/>\nSaguenay<br \/>\nMemphremagog<br \/>\nCentre-du-Qu\u00e9bec<br \/>\nThetford Mines<br \/>\nRimouski<br \/>\nCharlevoix<br \/>\nLanaudi\u00e8re<br \/>\nMont\u00e9r\u00e9gie<br \/>\nOutaouais<br \/>\nWhitney<br \/>\nDwight<\/p>\n<p>Music licensed with Musicbed.\t\t\t\t\t\t<\/p><\/div>\n<\/p><\/div>\n<div class=\"yotu-videos yotu-mode-grid yotu-column-3 yotu-player-mode-large\">\n<ul>\n<li class=\" yotu-first\">\n\t\t\t\t\t\t\t\t<a href=\"#JL1OlFkvUW0\" class=\"yotu-video\" data-videoid=\"JL1OlFkvUW0\" data-title=\"Sors en nature\" title=\"Sors en nature\"><\/p>\n<div class=\"yotu-video-thumb-wrp\">\n<div>\n\t\t\t\t\t\t\t\t\t\t\t\t\t\t<img decoding=\"async\" class=\"yotu-video-thumb\" src=\"https:\/\/i.ytimg.com\/vi\/JL1OlFkvUW0\/sddefault.jpg\" alt=\"Sors en nature\">\n\t\t\t\t\t\t\t\t\t\t\t\t\t<\/div>\n<\/p><\/div>\n<p>\t\t\t\t\t\t\t\t\t\t\t\t\t\t\t\t\t\t\t<\/a>\n\t\t\t\t\t\t\t<\/li>\n<li class=\"\">\n\t\t\t\t\t\t\t\t<a href=\"#8R4-0gNRHD8\" class=\"yotu-video\" data-videoid=\"8R4-0gNRHD8\" data-title=\"DIY - Station \u00e9lectrique portative - G\u00e9n\u00e9rateur solaire\" title=\"DIY - Station \u00e9lectrique portative - G\u00e9n\u00e9rateur solaire\"><\/p>\n<div class=\"yotu-video-thumb-wrp\">\n<div>\n\t\t\t\t\t\t\t\t\t\t\t\t\t\t<img decoding=\"async\" class=\"yotu-video-thumb\" src=\"https:\/\/i.ytimg.com\/vi\/8R4-0gNRHD8\/sddefault.jpg\" alt=\"DIY - Station \u00e9lectrique portative - G\u00e9n\u00e9rateur solaire\">\n\t\t\t\t\t\t\t\t\t\t\t\t\t<\/div>\n<\/p><\/div>\n<p>\t\t\t\t\t\t\t\t\t\t\t\t\t\t\t\t\t\t\t<\/a>\n\t\t\t\t\t\t\t<\/li>\n<li class=\"\">\n\t\t\t\t\t\t\t\t<a href=\"#78TI4igiAJQ\" class=\"yotu-video\" data-videoid=\"78TI4igiAJQ\" data-title=\"DIY Transformation VUS en camping-car\" title=\"DIY Transformation VUS en camping-car\"><\/p>\n<div class=\"yotu-video-thumb-wrp\">\n<div>\n\t\t\t\t\t\t\t\t\t\t\t\t\t\t<img decoding=\"async\" class=\"yotu-video-thumb\" src=\"https:\/\/i.ytimg.com\/vi\/78TI4igiAJQ\/sddefault.jpg\" alt=\"DIY Transformation VUS en camping-car\">\n\t\t\t\t\t\t\t\t\t\t\t\t\t<\/div>\n<\/p><\/div>\n<p>\t\t\t\t\t\t\t\t\t\t\t\t\t\t\t\t\t\t\t<\/a>\n\t\t\t\t\t\t\t<\/li>\n<li class=\"\">\n\t\t\t\t\t\t\t\t<a href=\"#CiwFE499pxg\" class=\"yotu-video\" data-videoid=\"CiwFE499pxg\" data-title=\"Culture de micropousses en Timelapse - 85 jours - Cycle de la vie\" title=\"Culture de micropousses en Timelapse - 85 jours - Cycle de la vie\"><\/p>\n<div class=\"yotu-video-thumb-wrp\">\n<div>\n\t\t\t\t\t\t\t\t\t\t\t\t\t\t<img decoding=\"async\" class=\"yotu-video-thumb\" src=\"https:\/\/i.ytimg.com\/vi\/CiwFE499pxg\/sddefault.jpg\" alt=\"Culture de micropousses en Timelapse - 85 jours - Cycle de la vie\">\n\t\t\t\t\t\t\t\t\t\t\t\t\t<\/div>\n<\/p><\/div>\n<p>\t\t\t\t\t\t\t\t\t\t\t\t\t\t\t\t\t\t\t<\/a>\n\t\t\t\t\t\t\t<\/li>\n<li class=\"\">\n\t\t\t\t\t\t\t\t<a href=\"#So2BduzdEaY\" class=\"yotu-video\" data-videoid=\"So2BduzdEaY\" data-title=\"Construction DIY Table de salon en bois, bar et porte-bouteilles de vin\" title=\"Construction DIY Table de salon en bois, bar et porte-bouteilles de vin\"><\/p>\n<div class=\"yotu-video-thumb-wrp\">\n<div>\n\t\t\t\t\t\t\t\t\t\t\t\t\t\t<img decoding=\"async\" class=\"yotu-video-thumb\" src=\"https:\/\/i.ytimg.com\/vi\/So2BduzdEaY\/sddefault.jpg\" alt=\"Construction DIY Table de salon en bois, bar et porte-bouteilles de vin\">\n\t\t\t\t\t\t\t\t\t\t\t\t\t<\/div>\n<\/p><\/div>\n<p>\t\t\t\t\t\t\t\t\t\t\t\t\t\t\t\t\t\t\t<\/a>\n\t\t\t\t\t\t\t<\/li>\n<li class=\"\">\n\t\t\t\t\t\t\t\t<a href=\"#_OemKsWPgc4\" class=\"yotu-video\" data-videoid=\"_OemKsWPgc4\" data-title=\"Migration des grandes oies des neiges - Drummondville - Snow Geese Migration\" title=\"Migration des grandes oies des neiges - Drummondville - Snow Geese Migration\"><\/p>\n<div class=\"yotu-video-thumb-wrp\">\n<div>\n\t\t\t\t\t\t\t\t\t\t\t\t\t\t<img decoding=\"async\" class=\"yotu-video-thumb\" src=\"https:\/\/i.ytimg.com\/vi\/_OemKsWPgc4\/sddefault.jpg\" alt=\"Migration des grandes oies des neiges - Drummondville - Snow Geese Migration\">\n\t\t\t\t\t\t\t\t\t\t\t\t\t<\/div>\n<\/p><\/div>\n<p>\t\t\t\t\t\t\t\t\t\t\t\t\t\t\t\t\t\t\t<\/a>\n\t\t\t\t\t\t\t<\/li>\n<li class=\"\">\n\t\t\t\t\t\t\t\t<a href=\"#vY8r66tu8W8\" class=\"yotu-video\" data-videoid=\"vY8r66tu8W8\" data-title=\"Quelques-unes de mes photographies de paysages et animaux prises sur les territoires de la S\u00e9paq\" title=\"Quelques-unes de mes photographies de paysages et animaux prises sur les territoires de la S\u00e9paq\"><\/p>\n<div class=\"yotu-video-thumb-wrp\">\n<div>\n\t\t\t\t\t\t\t\t\t\t\t\t\t\t<img decoding=\"async\" class=\"yotu-video-thumb\" src=\"https:\/\/i.ytimg.com\/vi\/vY8r66tu8W8\/sddefault.jpg\" alt=\"Quelques-unes de mes photographies de paysages et animaux prises sur les territoires de la S\u00e9paq\">\n\t\t\t\t\t\t\t\t\t\t\t\t\t<\/div>\n<\/p><\/div>\n<p>\t\t\t\t\t\t\t\t\t\t\t\t\t\t\t\t\t\t\t<\/a>\n\t\t\t\t\t\t\t<\/li>\n<li class=\"\">\n\t\t\t\t\t\t\t\t<a href=\"#Um6qJvVrWro\" class=\"yotu-video\" data-videoid=\"Um6qJvVrWro\" data-title=\"Saumon, chou de Bruxelles et pur\u00e9e de chou-fleur\" title=\"Saumon, chou de Bruxelles et pur\u00e9e de chou-fleur\"><\/p>\n<div class=\"yotu-video-thumb-wrp\">\n<div>\n\t\t\t\t\t\t\t\t\t\t\t\t\t\t<img decoding=\"async\" class=\"yotu-video-thumb\" src=\"https:\/\/i.ytimg.com\/vi\/Um6qJvVrWro\/hqdefault.jpg\" alt=\"Saumon, chou de Bruxelles et pur\u00e9e de chou-fleur\">\n\t\t\t\t\t\t\t\t\t\t\t\t\t<\/div>\n<\/p><\/div>\n<p>\t\t\t\t\t\t\t\t\t\t\t\t\t\t\t\t\t\t\t<\/a>\n\t\t\t\t\t\t\t<\/li>\n<li class=\"\">\n\t\t\t\t\t\t\t\t<a href=\"#MlSbOdEe4mU\" class=\"yotu-video\" data-videoid=\"MlSbOdEe4mU\" data-title=\"C\u00f4tes lev\u00e9es fum\u00e9es et poutine maison\" title=\"C\u00f4tes lev\u00e9es fum\u00e9es et poutine maison\"><\/p>\n<div class=\"yotu-video-thumb-wrp\">\n<div>\n\t\t\t\t\t\t\t\t\t\t\t\t\t\t<img decoding=\"async\" class=\"yotu-video-thumb\" src=\"https:\/\/i.ytimg.com\/vi\/MlSbOdEe4mU\/sddefault.jpg\" alt=\"C\u00f4tes lev\u00e9es fum\u00e9es et poutine maison\">\n\t\t\t\t\t\t\t\t\t\t\t\t\t<\/div>\n<\/p><\/div>\n<p>\t\t\t\t\t\t\t\t\t\t\t\t\t\t\t\t\t\t\t<\/a>\n\t\t\t\t\t\t\t<\/li>\n<li class=\"\">\n\t\t\t\t\t\t\t\t<a href=\"#1fMEmRuMUDY\" class=\"yotu-video\" data-videoid=\"1fMEmRuMUDY\" data-title=\"Nature, Qu\u00e9bec, Canada - Photographie faune et paysage\" title=\"Nature, Qu\u00e9bec, Canada - Photographie faune et paysage\"><\/p>\n<div class=\"yotu-video-thumb-wrp\">\n<div>\n\t\t\t\t\t\t\t\t\t\t\t\t\t\t<img decoding=\"async\" class=\"yotu-video-thumb\" src=\"https:\/\/i.ytimg.com\/vi\/1fMEmRuMUDY\/sddefault.jpg\" alt=\"Nature, Qu\u00e9bec, Canada - Photographie faune et paysage\">\n\t\t\t\t\t\t\t\t\t\t\t\t\t<\/div>\n<\/p><\/div>\n<p>\t\t\t\t\t\t\t\t\t\t\t\t\t\t\t\t\t\t\t<\/a>\n\t\t\t\t\t\t\t<\/li>\n<li class=\"\">\n\t\t\t\t\t\t\t\t<a href=\"#ElA4VjOMwFI\" class=\"yotu-video\" data-videoid=\"ElA4VjOMwFI\" data-title=\"DIY - Jardin int\u00e9rieur \/ ext\u00e9rieur en ville\" title=\"DIY - Jardin int\u00e9rieur \/ ext\u00e9rieur en ville\"><\/p>\n<div class=\"yotu-video-thumb-wrp\">\n<div>\n\t\t\t\t\t\t\t\t\t\t\t\t\t\t<img decoding=\"async\" class=\"yotu-video-thumb\" src=\"https:\/\/i.ytimg.com\/vi\/ElA4VjOMwFI\/sddefault.jpg\" alt=\"DIY - Jardin int\u00e9rieur \/ ext\u00e9rieur en ville\">\n\t\t\t\t\t\t\t\t\t\t\t\t\t<\/div>\n<\/p><\/div>\n<p>\t\t\t\t\t\t\t\t\t\t\t\t\t\t\t\t\t\t\t<\/a>\n\t\t\t\t\t\t\t<\/li>\n<li class=\"\">\n\t\t\t\t\t\t\t\t<a href=\"#og2fuYmujVQ\" class=\"yotu-video\" data-videoid=\"og2fuYmujVQ\" data-title=\"Timelapse - D\u00e9molition et reconstruction - Pharmacie Jean Coutu, rue St-Jean \u00e0 Drummondville\" title=\"Timelapse - D\u00e9molition et reconstruction - Pharmacie Jean Coutu, rue St-Jean \u00e0 Drummondville\"><\/p>\n<div class=\"yotu-video-thumb-wrp\">\n<div>\n\t\t\t\t\t\t\t\t\t\t\t\t\t\t<img decoding=\"async\" class=\"yotu-video-thumb\" src=\"https:\/\/i.ytimg.com\/vi\/og2fuYmujVQ\/sddefault.jpg\" alt=\"Timelapse - D\u00e9molition et reconstruction - Pharmacie Jean Coutu, rue St-Jean \u00e0 Drummondville\">\n\t\t\t\t\t\t\t\t\t\t\t\t\t<\/div>\n<\/p><\/div>\n<p>\t\t\t\t\t\t\t\t\t\t\t\t\t\t\t\t\t\t\t<\/a>\n\t\t\t\t\t\t\t<\/li>\n<li class=\"\">\n\t\t\t\t\t\t\t\t<a href=\"#jJa1InscJpU\" class=\"yotu-video\" data-videoid=\"jJa1InscJpU\" data-title=\"Photographie Nature au parc r\u00e9gional For\u00eat Drummond - La Plaine\" title=\"Photographie Nature au parc r\u00e9gional For\u00eat Drummond - La Plaine\"><\/p>\n<div class=\"yotu-video-thumb-wrp\">\n<div>\n\t\t\t\t\t\t\t\t\t\t\t\t\t\t<img decoding=\"async\" class=\"yotu-video-thumb\" src=\"https:\/\/i.ytimg.com\/vi\/jJa1InscJpU\/sddefault.jpg\" alt=\"Photographie Nature au parc r\u00e9gional For\u00eat Drummond - La Plaine\">\n\t\t\t\t\t\t\t\t\t\t\t\t\t<\/div>\n<\/p><\/div>\n<p>\t\t\t\t\t\t\t\t\t\t\t\t\t\t\t\t\t\t\t<\/a>\n\t\t\t\t\t\t\t<\/li>\n<li class=\"\">\n\t\t\t\t\t\t\t\t<a href=\"#FwAJZplqjcg\" class=\"yotu-video\" data-videoid=\"FwAJZplqjcg\" data-title=\"DIY Construction divan\/banc ext\u00e9rieur en bois\" title=\"DIY Construction divan\/banc ext\u00e9rieur en bois\"><\/p>\n<div class=\"yotu-video-thumb-wrp\">\n<div>\n\t\t\t\t\t\t\t\t\t\t\t\t\t\t<img decoding=\"async\" class=\"yotu-video-thumb\" src=\"https:\/\/i.ytimg.com\/vi\/FwAJZplqjcg\/sddefault.jpg\" alt=\"DIY Construction divan\/banc ext\u00e9rieur en bois\">\n\t\t\t\t\t\t\t\t\t\t\t\t\t<\/div>\n<\/p><\/div>\n<p>\t\t\t\t\t\t\t\t\t\t\t\t\t\t\t\t\t\t\t<\/a>\n\t\t\t\t\t\t\t<\/li>\n<li class=\"\">\n\t\t\t\t\t\t\t\t<a href=\"#I1hX8fsRJro\" class=\"yotu-video\" data-videoid=\"I1hX8fsRJro\" data-title=\"10 ans Vertisoft  - Weekend au Manoir du lac William\" title=\"10 ans Vertisoft  - Weekend au Manoir du lac William\"><\/p>\n<div class=\"yotu-video-thumb-wrp\">\n<div>\n\t\t\t\t\t\t\t\t\t\t\t\t\t\t<img decoding=\"async\" class=\"yotu-video-thumb\" src=\"https:\/\/i.ytimg.com\/vi\/I1hX8fsRJro\/sddefault.jpg\" alt=\"10 ans Vertisoft  - Weekend au Manoir du lac William\">\n\t\t\t\t\t\t\t\t\t\t\t\t\t<\/div>\n<\/p><\/div>\n<p>\t\t\t\t\t\t\t\t\t\t\t\t\t\t\t\t\t\t\t<\/a>\n\t\t\t\t\t\t\t<\/li>\n<li class=\" yotu-last\">\n\t\t\t\t\t\t\t\t<a href=\"#iNEURsLEqk8\" class=\"yotu-video\" data-videoid=\"iNEURsLEqk8\" data-title=\"Photographie paysage urbain \u00e0 Montr\u00e9al\" title=\"Photographie paysage urbain \u00e0 Montr\u00e9al\"><\/p>\n<div class=\"yotu-video-thumb-wrp\">\n<div>\n\t\t\t\t\t\t\t\t\t\t\t\t\t\t<img decoding=\"async\" class=\"yotu-video-thumb\" src=\"https:\/\/i.ytimg.com\/vi\/iNEURsLEqk8\/sddefault.jpg\" alt=\"Photographie paysage urbain \u00e0 Montr\u00e9al\">\n\t\t\t\t\t\t\t\t\t\t\t\t\t<\/div>\n<\/p><\/div>\n<p>\t\t\t\t\t\t\t\t\t\t\t\t\t\t\t\t\t\t\t<\/a>\n\t\t\t\t\t\t\t<\/li>\n<\/ul>\n<\/div><\/div>\n<\/p><\/div>\n<\/div>\n<\/div>\n<\/div>\n<\/div>\n<\/div>\n<div  class=\"one withsmallpadding ppb_text\" style=\"padding:30px 0 30px 0;\" >\n<div class=\"standard_wrapper\">\n<div class=\"page_content_wrapper\">\n<div class=\"inner\">\n<div style=\"margin:auto;width:100%\">\n<p><a href=\"https:\/\/www.youtube.com\/subscription_center?add_user=sebastienb7\" target=\"_blank\" class=\"btn\">Subscribe to my YouTube channel<\/a><\/p>\n<\/div>\n<\/div>\n<\/div>\n<\/div>\n<\/div>\n","protected":false},"excerpt":{"rendered":"","protected":false},"author":1,"featured_media":0,"parent":0,"menu_order":5,"comment_status":"closed","ping_status":"closed","template":"","meta":{"itsec_x_frame_options":"","footnotes":""},"class_list":["post-19280","page","type-page","status-publish","hentry"],"yoast_head":"<!-- This site is optimized with the Yoast SEO plugin v27.1.1 - https:\/\/yoast.com\/product\/yoast-seo-wordpress\/ -->\n<title>Videos - S\u00e9bastien Bessette<\/title>\n<meta name=\"description\" content=\"Videos about Photography, DIY and personal projects\" \/>\n<meta name=\"robots\" content=\"index, follow, max-snippet:-1, max-image-preview:large, max-video-preview:-1\" \/>\n<link rel=\"canonical\" href=\"https:\/\/sebastienbessette.com\/en\/videos\/\" \/>\n<meta property=\"og:locale\" content=\"en_US\" \/>\n<meta property=\"og:type\" content=\"article\" \/>\n<meta property=\"og:title\" content=\"Videos - S\u00e9bastien Bessette\" \/>\n<meta property=\"og:description\" content=\"Videos about Photography, DIY and personal projects\" \/>\n<meta property=\"og:url\" content=\"https:\/\/sebastienbessette.com\/en\/videos\/\" \/>\n<meta property=\"og:site_name\" content=\"S\u00e9bastien Bessette\" \/>\n<meta property=\"article:modified_time\" content=\"2025-08-24T19:03:02+00:00\" \/>\n<meta property=\"og:image\" content=\"https:\/\/sebastienbessette.com\/wp-content\/uploads\/2025\/08\/sors_en_nature.jpg\" \/>\n\t<meta property=\"og:image:width\" content=\"1280\" \/>\n\t<meta property=\"og:image:height\" content=\"720\" \/>\n\t<meta property=\"og:image:type\" content=\"image\/jpeg\" \/>\n<meta name=\"twitter:card\" content=\"summary_large_image\" \/>\n<script type=\"application\/ld+json\" class=\"yoast-schema-graph\">{\"@context\":\"https:\/\/schema.org\",\"@graph\":[{\"@type\":\"WebPage\",\"@id\":\"https:\/\/sebastienbessette.com\/en\/videos\/\",\"url\":\"https:\/\/sebastienbessette.com\/en\/videos\/\",\"name\":\"Videos - S\u00e9bastien Bessette\",\"isPartOf\":{\"@id\":\"https:\/\/sebastienbessette.com\/en\/#website\"},\"primaryImageOfPage\":{\"@id\":\"https:\/\/sebastienbessette.com\/en\/videos\/#primaryimage\"},\"image\":{\"@id\":\"https:\/\/sebastienbessette.com\/en\/videos\/#primaryimage\"},\"thumbnailUrl\":\"https:\/\/i.ytimg.com\/vi\/JL1OlFkvUW0\/sddefault.jpg\",\"datePublished\":\"2013-04-10T07:18:34+00:00\",\"dateModified\":\"2025-08-24T19:03:02+00:00\",\"description\":\"Videos about Photography, DIY and personal projects\",\"breadcrumb\":{\"@id\":\"https:\/\/sebastienbessette.com\/en\/videos\/#breadcrumb\"},\"inLanguage\":\"en-US\",\"potentialAction\":[{\"@type\":\"ReadAction\",\"target\":[\"https:\/\/sebastienbessette.com\/en\/videos\/\"]}]},{\"@type\":\"ImageObject\",\"inLanguage\":\"en-US\",\"@id\":\"https:\/\/sebastienbessette.com\/en\/videos\/#primaryimage\",\"url\":\"https:\/\/i.ytimg.com\/vi\/JL1OlFkvUW0\/sddefault.jpg\",\"contentUrl\":\"https:\/\/i.ytimg.com\/vi\/JL1OlFkvUW0\/sddefault.jpg\"},{\"@type\":\"BreadcrumbList\",\"@id\":\"https:\/\/sebastienbessette.com\/en\/videos\/#breadcrumb\",\"itemListElement\":[{\"@type\":\"ListItem\",\"position\":1,\"name\":\"Accueil\",\"item\":\"https:\/\/sebastienbessette.com\/en\/\"},{\"@type\":\"ListItem\",\"position\":2,\"name\":\"Videos\"}]},{\"@type\":\"WebSite\",\"@id\":\"https:\/\/sebastienbessette.com\/en\/#website\",\"url\":\"https:\/\/sebastienbessette.com\/en\/\",\"name\":\"S\u00e9bastien Bessette\",\"description\":\"Photographe - Vid\u00e9aste\",\"potentialAction\":[{\"@type\":\"SearchAction\",\"target\":{\"@type\":\"EntryPoint\",\"urlTemplate\":\"https:\/\/sebastienbessette.com\/en\/?s={search_term_string}\"},\"query-input\":{\"@type\":\"PropertyValueSpecification\",\"valueRequired\":true,\"valueName\":\"search_term_string\"}}],\"inLanguage\":\"en-US\"}]}<\/script>\n<!-- \/ Yoast SEO plugin. -->","yoast_head_json":{"title":"Videos - S\u00e9bastien Bessette","description":"Videos about Photography, DIY and personal projects","robots":{"index":"index","follow":"follow","max-snippet":"max-snippet:-1","max-image-preview":"max-image-preview:large","max-video-preview":"max-video-preview:-1"},"canonical":"https:\/\/sebastienbessette.com\/en\/videos\/","og_locale":"en_US","og_type":"article","og_title":"Videos - S\u00e9bastien Bessette","og_description":"Videos about Photography, DIY and personal projects","og_url":"https:\/\/sebastienbessette.com\/en\/videos\/","og_site_name":"S\u00e9bastien Bessette","article_modified_time":"2025-08-24T19:03:02+00:00","og_image":[{"width":1280,"height":720,"url":"https:\/\/sebastienbessette.com\/wp-content\/uploads\/2025\/08\/sors_en_nature.jpg","type":"image\/jpeg"}],"twitter_card":"summary_large_image","schema":{"@context":"https:\/\/schema.org","@graph":[{"@type":"WebPage","@id":"https:\/\/sebastienbessette.com\/en\/videos\/","url":"https:\/\/sebastienbessette.com\/en\/videos\/","name":"Videos - S\u00e9bastien Bessette","isPartOf":{"@id":"https:\/\/sebastienbessette.com\/en\/#website"},"primaryImageOfPage":{"@id":"https:\/\/sebastienbessette.com\/en\/videos\/#primaryimage"},"image":{"@id":"https:\/\/sebastienbessette.com\/en\/videos\/#primaryimage"},"thumbnailUrl":"https:\/\/i.ytimg.com\/vi\/JL1OlFkvUW0\/sddefault.jpg","datePublished":"2013-04-10T07:18:34+00:00","dateModified":"2025-08-24T19:03:02+00:00","description":"Videos about Photography, DIY and personal projects","breadcrumb":{"@id":"https:\/\/sebastienbessette.com\/en\/videos\/#breadcrumb"},"inLanguage":"en-US","potentialAction":[{"@type":"ReadAction","target":["https:\/\/sebastienbessette.com\/en\/videos\/"]}]},{"@type":"ImageObject","inLanguage":"en-US","@id":"https:\/\/sebastienbessette.com\/en\/videos\/#primaryimage","url":"https:\/\/i.ytimg.com\/vi\/JL1OlFkvUW0\/sddefault.jpg","contentUrl":"https:\/\/i.ytimg.com\/vi\/JL1OlFkvUW0\/sddefault.jpg"},{"@type":"BreadcrumbList","@id":"https:\/\/sebastienbessette.com\/en\/videos\/#breadcrumb","itemListElement":[{"@type":"ListItem","position":1,"name":"Accueil","item":"https:\/\/sebastienbessette.com\/en\/"},{"@type":"ListItem","position":2,"name":"Videos"}]},{"@type":"WebSite","@id":"https:\/\/sebastienbessette.com\/en\/#website","url":"https:\/\/sebastienbessette.com\/en\/","name":"S\u00e9bastien Bessette","description":"Photographe - Vid\u00e9aste","potentialAction":[{"@type":"SearchAction","target":{"@type":"EntryPoint","urlTemplate":"https:\/\/sebastienbessette.com\/en\/?s={search_term_string}"},"query-input":{"@type":"PropertyValueSpecification","valueRequired":true,"valueName":"search_term_string"}}],"inLanguage":"en-US"}]}},"_links":{"self":[{"href":"https:\/\/sebastienbessette.com\/en\/wp-json\/wp\/v2\/pages\/19280","targetHints":{"allow":["GET"]}}],"collection":[{"href":"https:\/\/sebastienbessette.com\/en\/wp-json\/wp\/v2\/pages"}],"about":[{"href":"https:\/\/sebastienbessette.com\/en\/wp-json\/wp\/v2\/types\/page"}],"author":[{"embeddable":true,"href":"https:\/\/sebastienbessette.com\/en\/wp-json\/wp\/v2\/users\/1"}],"replies":[{"embeddable":true,"href":"https:\/\/sebastienbessette.com\/en\/wp-json\/wp\/v2\/comments?post=19280"}],"version-history":[{"count":0,"href":"https:\/\/sebastienbessette.com\/en\/wp-json\/wp\/v2\/pages\/19280\/revisions"}],"wp:attachment":[{"href":"https:\/\/sebastienbessette.com\/en\/wp-json\/wp\/v2\/media?parent=19280"}],"curies":[{"name":"wp","href":"https:\/\/api.w.org\/{rel}","templated":true}]}}