
{"id":19307,"date":"2018-05-22T08:38:31","date_gmt":"2018-05-22T12:38:31","guid":{"rendered":"https:\/\/sebastienbessette.com\/confidentialite\/"},"modified":"2022-06-04T09:53:01","modified_gmt":"2022-06-04T13:53:01","slug":"privacy","status":"publish","type":"page","link":"https:\/\/sebastienbessette.com\/en\/privacy\/","title":{"rendered":"Privacy"},"content":{"rendered":"<div  class=\"one withsmallpadding ppb_header \" style=\"text-align:left;padding:30px 0 30px 0;\" >\n<div class=\"standard_wrapper\">\n<div class=\"page_content_wrapper\">\n<div class=\"inner\">\n<div style=\"margin:auto;width:100%\">\n<h2 class=\"ppb_title\" style=\"\">&#8211; Privacy &#8211;<\/h2>\n<\/div>\n<\/div>\n<\/div>\n<\/div>\n<\/div>\n<div  class=\"one withsmallpadding ppb_text\" style=\"padding:30px 0 30px 0;\" >\n<div class=\"standard_wrapper\">\n<div class=\"page_content_wrapper\">\n<div class=\"inner\">\n<div style=\"margin:auto;width:100%\">\n<h3>User engagement<\/h3>\n<p>Your use of and adherence to this site is conditioned on your acceptance of the following terms and conditions. Please read this section carefully before using this site. The use of the masculine gender to refer to the client is for the sake of brevity only.<\/p>\n<h3>Accountability<\/h3>\n<p>The information contained in this site has been obtained from sources believed to be reliable and is believed to be accurate at the time it is posted. However, it is provided without warranty of any kind.<\/p>\n<p>Sebastienbessette.com and its partners decline all responsibility and do not guarantee the accuracy, integrity or timeliness of this information and reserve the right to modify it at any time and without notice.<\/p>\n<h3>Copyright of the site and content<\/h3>\n<p>Sebastienbessette.com is the owner of the documents presented in this site and retains all copyrights. No part of this site may be reproduced, in whole or in part, by any process whatsoever without my prior consent.<\/p>\n<p>Any software available for download from this site is copyrighted by sebastienbessette.com. Use of the software is governed by the terms of the user license agreement, if any, which accompanies or is included with the software. The user must accept the terms of the license agreement in order to install the software.<\/p>\n<p>The software is available for download only by users under the terms of the license agreement. Any reproduction or redistribution of the software not in accordance with the license agreement is expressly prohibited by law. Any person not complying with these provisions will be guilty of the offence of counterfeiting and will be liable to the penal sanctions provided for by the law. Copying or reproduction of the software to another server or location for reproduction or redistribution is strictly prohibited. The software is guaranteed according to the terms of the license agreement.<\/p>\n<h3>Links to third party sites<\/h3>\n<p>Links to third party sites are provided for your information only and do not constitute an endorsement by sebastienbessette.com of such sites or links. Sebastienbessette.com is not responsible for the content of any linked site or any link contained in a linked site, or any changes or updates to such sites. In no event will Sebastienbessette.com be liable for any direct, indirect, special or other consequential damages that result from the use of any linked site, including, without limitation, any lost profits, business interruption, loss of programs or data, even if Sebastienbessette.com is advised of the possibility of such damages. It is up to you to take precautions to ensure that whatever you select for your use is free of such items as viruses and other items of a destructive nature. Sebastienbessette.com provides these links for your convenience only. Any website other than sebastienbessette.com is independent and we have no control over the content of those websites.<\/p>\n<h3>Jurisdiction<\/h3>\n<p>Sebastienbessette.com operates its site in Drummondville, Quebec, Canada and you agree that the terms of use of this site and any action or proceeding relating to this site shall be governed by the laws of the Province of Quebec and\/or the laws of Canada, as applicable. If you bring an action against sebastienbessette.com, you expressly agree that sebastienbessette.com shall be free to choose the jurisdiction where such action shall be held, regardless of where you live or where you access this site from. By using this site, you agree that the laws of the Province of Quebec or Canada shall apply and govern any legal proceeding.<\/p>\n<h3>Confidential information<\/h3>\n<p>Sebastienbessette.com respects the confidentiality of the information provided by the people who consult its site and does not transmit any personal information for distribution or resale for commercial purposes.<\/p>\n<h3>Modification<\/h3>\n<p>Sebastienbessette.com reserves the right to modify or amend this section at any time and for any reason. It is your responsibility to be aware of these changes, as you are subject to any such changes. Nothing in this section is intended to create an agreement or contract between sebastienbessette.com and users visiting this site or providing any identifiable information.<\/p>\n<h3>Questions and comments<\/h3>\n<p>If you have any comments or questions about this section, please feel free to contact me by email at: <a href=\"&#x6d;&#97;&#105;l&#x74;&#x6f;&#58;i&#x6e;&#x66;&#111;&#64;&#x73;&#x65;&#98;a&#x73;&#x74;&#105;e&#x6e;&#x62;&#101;s&#x73;&#x65;&#116;&#116;e&#x2e;&#x63;&#111;m\">&#x69;&#x6e;&#102;o&#64;&#x73;&#x65;&#98;&#97;s&#x74;&#x69;&#101;&#110;b&#x65;&#x73;&#x73;&#101;tt&#x65;&#x2e;&#99;&#111;m<\/a><\/p>\n<\/div>\n<\/div>\n<\/div>\n<\/div>\n<\/div>\n","protected":false},"excerpt":{"rendered":"","protected":false},"author":1,"featured_media":0,"parent":0,"menu_order":22,"comment_status":"closed","ping_status":"closed","template":"","meta":{"itsec_x_frame_options":"","footnotes":""},"class_list":["post-19307","page","type-page","status-publish","hentry"],"yoast_head":"<!-- This site is optimized with the Yoast SEO plugin v27.1.1 - https:\/\/yoast.com\/product\/yoast-seo-wordpress\/ -->\n<title>Privacy - S\u00e9bastien Bessette<\/title>\n<meta name=\"description\" content=\"Votre utilisation et votre adh\u00e9sion \u00e0 ce site sont conditionnelles \u00e0 ce que vous acceptiez les termes et conditions suivantes. Lisez attentivement cette section avant d\u2019utiliser ce site.\" \/>\n<meta name=\"robots\" content=\"index, follow, max-snippet:-1, max-image-preview:large, max-video-preview:-1\" \/>\n<link rel=\"canonical\" href=\"https:\/\/sebastienbessette.com\/en\/privacy\/\" \/>\n<meta property=\"og:locale\" content=\"en_US\" \/>\n<meta property=\"og:type\" content=\"article\" \/>\n<meta property=\"og:title\" content=\"Privacy - S\u00e9bastien Bessette\" \/>\n<meta property=\"og:description\" content=\"Votre utilisation et votre adh\u00e9sion \u00e0 ce site sont conditionnelles \u00e0 ce que vous acceptiez les termes et conditions suivantes. Lisez attentivement cette section avant d\u2019utiliser ce site.\" \/>\n<meta property=\"og:url\" content=\"https:\/\/sebastienbessette.com\/en\/privacy\/\" \/>\n<meta property=\"og:site_name\" content=\"S\u00e9bastien Bessette\" \/>\n<meta property=\"article:modified_time\" content=\"2022-06-04T13:53:01+00:00\" \/>\n<meta name=\"twitter:card\" content=\"summary_large_image\" \/>\n<script type=\"application\/ld+json\" class=\"yoast-schema-graph\">{\"@context\":\"https:\/\/schema.org\",\"@graph\":[{\"@type\":\"WebPage\",\"@id\":\"https:\/\/sebastienbessette.com\/en\/privacy\/\",\"url\":\"https:\/\/sebastienbessette.com\/en\/privacy\/\",\"name\":\"Privacy - S\u00e9bastien Bessette\",\"isPartOf\":{\"@id\":\"https:\/\/sebastienbessette.com\/en\/#website\"},\"datePublished\":\"2018-05-22T12:38:31+00:00\",\"dateModified\":\"2022-06-04T13:53:01+00:00\",\"description\":\"Votre utilisation et votre adh\u00e9sion \u00e0 ce site sont conditionnelles \u00e0 ce que vous acceptiez les termes et conditions suivantes. Lisez attentivement cette section avant d\u2019utiliser ce site.\",\"breadcrumb\":{\"@id\":\"https:\/\/sebastienbessette.com\/en\/privacy\/#breadcrumb\"},\"inLanguage\":\"en-US\",\"potentialAction\":[{\"@type\":\"ReadAction\",\"target\":[\"https:\/\/sebastienbessette.com\/en\/privacy\/\"]}]},{\"@type\":\"BreadcrumbList\",\"@id\":\"https:\/\/sebastienbessette.com\/en\/privacy\/#breadcrumb\",\"itemListElement\":[{\"@type\":\"ListItem\",\"position\":1,\"name\":\"Accueil\",\"item\":\"https:\/\/sebastienbessette.com\/en\/\"},{\"@type\":\"ListItem\",\"position\":2,\"name\":\"Privacy\"}]},{\"@type\":\"WebSite\",\"@id\":\"https:\/\/sebastienbessette.com\/en\/#website\",\"url\":\"https:\/\/sebastienbessette.com\/en\/\",\"name\":\"S\u00e9bastien Bessette\",\"description\":\"Photographe - Vid\u00e9aste\",\"potentialAction\":[{\"@type\":\"SearchAction\",\"target\":{\"@type\":\"EntryPoint\",\"urlTemplate\":\"https:\/\/sebastienbessette.com\/en\/?s={search_term_string}\"},\"query-input\":{\"@type\":\"PropertyValueSpecification\",\"valueRequired\":true,\"valueName\":\"search_term_string\"}}],\"inLanguage\":\"en-US\"}]}<\/script>\n<!-- \/ Yoast SEO plugin. -->","yoast_head_json":{"title":"Privacy - S\u00e9bastien Bessette","description":"Votre utilisation et votre adh\u00e9sion \u00e0 ce site sont conditionnelles \u00e0 ce que vous acceptiez les termes et conditions suivantes. Lisez attentivement cette section avant d\u2019utiliser ce site.","robots":{"index":"index","follow":"follow","max-snippet":"max-snippet:-1","max-image-preview":"max-image-preview:large","max-video-preview":"max-video-preview:-1"},"canonical":"https:\/\/sebastienbessette.com\/en\/privacy\/","og_locale":"en_US","og_type":"article","og_title":"Privacy - S\u00e9bastien Bessette","og_description":"Votre utilisation et votre adh\u00e9sion \u00e0 ce site sont conditionnelles \u00e0 ce que vous acceptiez les termes et conditions suivantes. Lisez attentivement cette section avant d\u2019utiliser ce site.","og_url":"https:\/\/sebastienbessette.com\/en\/privacy\/","og_site_name":"S\u00e9bastien Bessette","article_modified_time":"2022-06-04T13:53:01+00:00","twitter_card":"summary_large_image","schema":{"@context":"https:\/\/schema.org","@graph":[{"@type":"WebPage","@id":"https:\/\/sebastienbessette.com\/en\/privacy\/","url":"https:\/\/sebastienbessette.com\/en\/privacy\/","name":"Privacy - S\u00e9bastien Bessette","isPartOf":{"@id":"https:\/\/sebastienbessette.com\/en\/#website"},"datePublished":"2018-05-22T12:38:31+00:00","dateModified":"2022-06-04T13:53:01+00:00","description":"Votre utilisation et votre adh\u00e9sion \u00e0 ce site sont conditionnelles \u00e0 ce que vous acceptiez les termes et conditions suivantes. Lisez attentivement cette section avant d\u2019utiliser ce site.","breadcrumb":{"@id":"https:\/\/sebastienbessette.com\/en\/privacy\/#breadcrumb"},"inLanguage":"en-US","potentialAction":[{"@type":"ReadAction","target":["https:\/\/sebastienbessette.com\/en\/privacy\/"]}]},{"@type":"BreadcrumbList","@id":"https:\/\/sebastienbessette.com\/en\/privacy\/#breadcrumb","itemListElement":[{"@type":"ListItem","position":1,"name":"Accueil","item":"https:\/\/sebastienbessette.com\/en\/"},{"@type":"ListItem","position":2,"name":"Privacy"}]},{"@type":"WebSite","@id":"https:\/\/sebastienbessette.com\/en\/#website","url":"https:\/\/sebastienbessette.com\/en\/","name":"S\u00e9bastien Bessette","description":"Photographe - Vid\u00e9aste","potentialAction":[{"@type":"SearchAction","target":{"@type":"EntryPoint","urlTemplate":"https:\/\/sebastienbessette.com\/en\/?s={search_term_string}"},"query-input":{"@type":"PropertyValueSpecification","valueRequired":true,"valueName":"search_term_string"}}],"inLanguage":"en-US"}]}},"_links":{"self":[{"href":"https:\/\/sebastienbessette.com\/en\/wp-json\/wp\/v2\/pages\/19307","targetHints":{"allow":["GET"]}}],"collection":[{"href":"https:\/\/sebastienbessette.com\/en\/wp-json\/wp\/v2\/pages"}],"about":[{"href":"https:\/\/sebastienbessette.com\/en\/wp-json\/wp\/v2\/types\/page"}],"author":[{"embeddable":true,"href":"https:\/\/sebastienbessette.com\/en\/wp-json\/wp\/v2\/users\/1"}],"replies":[{"embeddable":true,"href":"https:\/\/sebastienbessette.com\/en\/wp-json\/wp\/v2\/comments?post=19307"}],"version-history":[{"count":0,"href":"https:\/\/sebastienbessette.com\/en\/wp-json\/wp\/v2\/pages\/19307\/revisions"}],"wp:attachment":[{"href":"https:\/\/sebastienbessette.com\/en\/wp-json\/wp\/v2\/media?parent=19307"}],"curies":[{"name":"wp","href":"https:\/\/api.w.org\/{rel}","templated":true}]}}